{"id":82,"date":"2021-01-13T18:03:10","date_gmt":"2021-01-13T18:03:10","guid":{"rendered":"https:\/\/2022.uroboros.design\/?page_id=82"},"modified":"2022-09-01T13:36:46","modified_gmt":"2022-09-01T13:36:46","slug":"open-call","status":"publish","type":"page","link":"https:\/\/2022.uroboros.design\/cs\/open-call\/","title":{"rendered":"Open call"},"content":{"rendered":"\n<h2>Sensing the Synthetic <\/h2>\n\n\n\n<h5>(Uroboros Loop program; online, in English)<\/h5>\n\n\n\n<p><a rel=\"noreferrer noopener\" href=\"https:\/\/2022.uroboros.design\/events\/sensing-the-synthetic\/\" data-type=\"URL\" data-id=\"https:\/\/2022.uroboros.design\/events\/sensing-the-synthetic\/\" target=\"_blank\"><em>Sensing the Synthetic<\/em> LOOP program<\/a> announces an OPEN CALL for participation in a 4-week online artistic research activity.\u00a0<\/p>\n\n\n\n<p>As a participant in this Loop, you will join a research group, conduct your own research, and actively engage in group critical discussions. We invite graduate or postgraduate students as well as other professionals (practitioners and theorists) interested in synthetic media and creative AI tools to join. Please note that you will need to devote approximately 6 hours per week to this activity. The activities will be facilitated online, via Zoom and asynchronously. To eliminate Zoom fatigue, we will keep online meetings to a minimum (max 2 h\/week) and work asynchronously between scheduled meetings.\u00a0The program will be held in English.<\/p>\n\n\n\n<h5>REQUIREMENTS:<\/h5>\n\n\n\n<ul><li>At least some prior experience with synthetic media and creative AI tools<\/li><li>Being able to commit approx. 6 h\/week<\/li><li>Willingness to work with synthetic media as well as your own body and share these experiences with the group<\/li><\/ul>\n\n\n\n<p><em>NOTE:\u00a0Group meetings will not be live-streamed and recorded. Discussions will only be documented via personal notes from participants and a shared Miro board. Our goal is to create a safe space to share individual feelings, somatic experiences and emotions, so we ask participants to be kind to each other and avoid sharing any sensitive information outside of the group. Together, we will decide what kinds of results and in what form we wish to publish at the end of the 4-weeks Loop.<\/em><\/p>\n\n\n\n<p>To join the open call, please send to <strong><em>lenka@uroboros.design<\/em><\/strong> the following:<\/p>\n\n\n\n<ul><li><strong>Written statement \/ <\/strong>1-2 pages in .pdf, max 4000 characters<ul><li><em>Explain why you want to participate in the Loop program. Describe your previous experiences with AI and\/or synthetic media and try to formulate your initial standpoint regarding the topic, theoretical foundations or anything that you might find relevant<\/em><\/li><\/ul><\/li><li><strong>Short bio and a profile picture\u00a0<\/strong><\/li><li><strong>Link to your website or social media<\/strong> (if available)<\/li><\/ul>\n\n\n\n<h5>DATES:<\/h5>\n\n\n\n<p><strong>Deadline for sending your application: 12 Sep 2022 18:00 CEST.<\/strong><\/p>\n\n\n\n<p>Notifications of acceptance are sent by: 18 Sep 2022<\/p>\n\n\n\n<p>Beginning of the program: 26 Sep 2022<\/p>\n\n\n\n<p><\/p>\n\n\n\n<hr class=\"wp-block-separator\"\/>\n\n\n\n<p><\/p>\n\n\n\n<h2>Algorithmic Resistance <\/h2>\n\n\n\n<h5>(Uroboros Loop program; in person, in Czech)<\/h5>\n\n\n\n<p>Zaj\u00edm\u00e1\u0161 se o digit\u00e1ln\u00ed platformy a m\u00e1\u0161 chu\u0165 prozkoumat co se odehr\u00e1v\u00e1 pod jejich povrchem? Cht\u011bl\/a bys l\u00e9pe porozum\u011bt tomu, jak funguj\u00ed algoritmy? Je ti 17 &#8211; 20 let? <\/p>\n\n\n\n<p>V druh\u00e9 p\u016flce z\u00e1\u0159\u00ed prob\u011bhne <a rel=\"noreferrer noopener\" href=\"https:\/\/2022.uroboros.design\/events\/algorithmic-resistance\/\" data-type=\"URL\" data-id=\"https:\/\/2022.uroboros.design\/events\/algorithmic-resistance\/\" target=\"_blank\">s\u00e9rie setk\u00e1n\u00ed<\/a> zam\u011b\u0159en\u00fdch na mo\u017enosti budov\u00e1n\u00ed na\u0161\u00ed ka\u017edodenn\u00ed odolnosti v\u016f\u010di vlivu algoritm\u016f, v r\u00e1mci kter\u00fdch spolu kreativn\u011b prozkoum\u00e1me mo\u017enosti tzv. <em>algoritmick\u00fdch protest\u016f<\/em>. <\/p>\n\n\n\n<p>Tato v\u00fdzva je sou\u010d\u00e1st\u00ed mezin\u00e1rodn\u00edho projektu <strong>What the Future Wants.<\/strong> Pokud se chce\u0161 z\u00fa\u010dastnit, napi\u0161 na: <em>michal@dox.cz<\/em>. <strong>DEADLINE pro zasl\u00e1n\u00ed p\u0159ihl\u00e1\u0161ek: 15.9.2022<\/strong> (sta\u010d\u00ed kdy\u017e nap\u00ed\u0161e\u0161 p\u00e1r v\u011bt o tom, pro\u010d t\u011b toto t\u00e9ma zaj\u00edm\u00e1 a pro\u010d se chce\u0161 z\u00fa\u010dastnit). <\/p>\n","protected":false},"excerpt":{"rendered":"<p>Sensing the Synthetic (Uroboros Loop program; online, in English) Sensing the Synthetic LOOP program announces an OPEN CALL for participation in a 4-week online artistic research activity.\u00a0 As a participant in this Loop, you will join a research group, conduct your own research, and actively engage in group critical discussions. We invite graduate or postgraduate [&hellip;]<\/p>\n","protected":false},"author":1,"featured_media":896,"parent":0,"menu_order":0,"comment_status":"closed","ping_status":"closed","template":"","meta":[],"_links":{"self":[{"href":"https:\/\/2022.uroboros.design\/cs\/wp-json\/wp\/v2\/pages\/82"}],"collection":[{"href":"https:\/\/2022.uroboros.design\/cs\/wp-json\/wp\/v2\/pages"}],"about":[{"href":"https:\/\/2022.uroboros.design\/cs\/wp-json\/wp\/v2\/types\/page"}],"author":[{"embeddable":true,"href":"https:\/\/2022.uroboros.design\/cs\/wp-json\/wp\/v2\/users\/1"}],"replies":[{"embeddable":true,"href":"https:\/\/2022.uroboros.design\/cs\/wp-json\/wp\/v2\/comments?post=82"}],"version-history":[{"count":17,"href":"https:\/\/2022.uroboros.design\/cs\/wp-json\/wp\/v2\/pages\/82\/revisions"}],"predecessor-version":[{"id":976,"href":"https:\/\/2022.uroboros.design\/cs\/wp-json\/wp\/v2\/pages\/82\/revisions\/976"}],"wp:featuredmedia":[{"embeddable":true,"href":"https:\/\/2022.uroboros.design\/cs\/wp-json\/wp\/v2\/media\/896"}],"wp:attachment":[{"href":"https:\/\/2022.uroboros.design\/cs\/wp-json\/wp\/v2\/media?parent=82"}],"curies":[{"name":"wp","href":"https:\/\/api.w.org\/{rel}","templated":true}]}}