{"id":1617,"date":"2021-04-06T15:11:52","date_gmt":"2021-04-06T15:11:52","guid":{"rendered":"https:\/\/2022.uroboros.design\/?page_id=1617"},"modified":"2022-09-30T18:36:11","modified_gmt":"2022-09-30T18:36:11","slug":"faq","status":"publish","type":"page","link":"https:\/\/2022.uroboros.design\/cs\/faq\/","title":{"rendered":"FAQ"},"content":{"rendered":"\n<p>Pokud st\u00e1le t\u00e1pete, zeptejte se n\u00e1s na festival@uroboros.design. <\/p>\n","protected":false},"excerpt":{"rendered":"<p>Pokud st\u00e1le t\u00e1pete, zeptejte se n\u00e1s na festival@uroboros.design.<\/p>\n","protected":false},"author":2,"featured_media":0,"parent":0,"menu_order":0,"comment_status":"closed","ping_status":"closed","template":"page-template-faq.php","meta":[],"_links":{"self":[{"href":"https:\/\/2022.uroboros.design\/cs\/wp-json\/wp\/v2\/pages\/1617"}],"collection":[{"href":"https:\/\/2022.uroboros.design\/cs\/wp-json\/wp\/v2\/pages"}],"about":[{"href":"https:\/\/2022.uroboros.design\/cs\/wp-json\/wp\/v2\/types\/page"}],"author":[{"embeddable":true,"href":"https:\/\/2022.uroboros.design\/cs\/wp-json\/wp\/v2\/users\/2"}],"replies":[{"embeddable":true,"href":"https:\/\/2022.uroboros.design\/cs\/wp-json\/wp\/v2\/comments?post=1617"}],"version-history":[{"count":4,"href":"https:\/\/2022.uroboros.design\/cs\/wp-json\/wp\/v2\/pages\/1617\/revisions"}],"predecessor-version":[{"id":1622,"href":"https:\/\/2022.uroboros.design\/cs\/wp-json\/wp\/v2\/pages\/1617\/revisions\/1622"}],"wp:attachment":[{"href":"https:\/\/2022.uroboros.design\/cs\/wp-json\/wp\/v2\/media?parent=1617"}],"curies":[{"name":"wp","href":"https:\/\/api.w.org\/{rel}","templated":true}]}}