{"id":1533,"date":"2021-01-13T10:46:32","date_gmt":"2021-01-13T10:46:32","guid":{"rendered":"https:\/\/2022.uroboros.design\/festival-theme\/"},"modified":"2022-09-30T18:38:39","modified_gmt":"2022-09-30T18:38:39","slug":"festival-theme","status":"publish","type":"page","link":"https:\/\/2022.uroboros.design\/cs\/festival-theme\/","title":{"rendered":"T\u00e9ma Festivalu"},"content":{"rendered":"\n<p>Festival Uroboros zkoum\u00e1 roli tv\u016fr\u010d\u00edch metod um\u011bn\u00ed a designu v kontextu podpory pozitivn\u00ed eko-spole\u010densk\u00e9 zm\u011bny. Hlavn\u00ed t\u00e9ma leto\u0161n\u00edho festivalov\u00e9ho ro\u010dn\u00edku \u201eSvl\u00e9k\u00e1n\u00ed z k\u016f\u017ee\u201c odkazuje k intern\u00edmu a intimn\u00edmu pro\u017e\u00edv\u00e1n\u00ed t\u00e9to zm\u011bny a k r\u016fzn\u00fdm zp\u0159\u00edtomn\u011bn\u00edm planet\u00e1rn\u00ed krize v kontextu ka\u017edodenn\u00edho \u017eivota. Otev\u00edr\u00e1 tak prostor pro spole\u010dn\u00e9 zastaven\u00ed nad ot\u00e1zkou, jak se environment\u00e1ln\u00ed a spole\u010densk\u00e9 probl\u00e9my prol\u00ednaj\u00ed s na\u0161imi osobn\u00edmi, lok\u00e1ln\u00edmi a kulturn\u00edmi realitami. N\u00e1v\u0161t\u011bvn\u00edk\u016fm p\u0159itom ke kritick\u00e9 reflexi nab\u00edz\u00ed my\u0161lenku, \u017ee pozitivn\u00ed eko-spole\u010densk\u00e1 transformace zahrnuje nejen politickou a ekonomickou prom\u011bnu na \u00farovni mezin\u00e1rodn\u00ed governmentality, ale t\u00e9\u017e sebereflektivn\u00ed prom\u011bnu na \u00farovni na\u0161eho ka\u017edodenn\u00edho my\u0161len\u00ed a aktivit.&nbsp;<\/p>\n\n\n\n<figure class=\"wp-block-image size-large\"><img loading=\"lazy\" width=\"1200\" height=\"675\" src=\"https:\/\/2022.uroboros.design\/wp-content\/uploads\/2022\/09\/2022_uroboros_vizual_main_theme.jpg\" alt=\"Uroboros Festival 2022 ~ Shedding the Skin\" class=\"wp-image-998\" srcset=\"https:\/\/2022.uroboros.design\/wp-content\/uploads\/2022\/09\/2022_uroboros_vizual_main_theme.jpg 1200w, https:\/\/2022.uroboros.design\/wp-content\/uploads\/2022\/09\/2022_uroboros_vizual_main_theme-600x338.jpg 600w, https:\/\/2022.uroboros.design\/wp-content\/uploads\/2022\/09\/2022_uroboros_vizual_main_theme-768x432.jpg 768w, https:\/\/2022.uroboros.design\/wp-content\/uploads\/2022\/09\/2022_uroboros_vizual_main_theme-300x169.jpg 300w\" sizes=\"(max-width: 1200px) 100vw, 1200px\" \/><\/figure>\n\n\n\n<p>Pro\u010d a jak jsou vnit\u0159n\u00ed prom\u011bny, kter\u00e9 se odehr\u00e1vaj\u00ed v na\u0161ich rozmanit\u00fdch osobn\u00edch ekosyst\u00e9mech \u2013\u2060 v na\u0161ich t\u011blech, srdc\u00edch a mysl\u00edch \u2013\u2060 d\u016fle\u017eit\u00e9 v \u0161ir\u0161\u00edm kontextu glob\u00e1ln\u00ed eko-spole\u010densk\u00e9 zm\u011bny? M\u016f\u017ee n\u00e1m sebereflexe a introspektivn\u00ed obrat k sob\u011b sam\u00fdm pomoci pochopit na\u0161i mezi-druhovou prov\u00e1zanost a nutnost pe\u010dovat o planet\u00e1rn\u00ed ekosyst\u00e9m se stejnou pokorou a opatrnost\u00ed, s jakou pe\u010dujeme o na\u0161e vlastn\u00ed t\u011bla a du\u0161evn\u00ed zdrav\u00ed? Jak se takov\u00fd sebereflexivn\u00ed obrat m\u016f\u017ee projevit v kontextu lok\u00e1ln\u00ed i glob\u00e1ln\u00ed politick\u00e9 spr\u00e1vy? <\/p>\n\n\n\n<p>Festival Uroboros 2022 navrhuje, \u017ee v r\u00e1mci podpory pozitivn\u00ed eko-spole\u010densk\u00e9 zm\u011bny mus\u00edme tuto komplexn\u00ed zm\u011bnu za\u010d\u00edt zp\u0159\u00edtom\u0148ovat v r\u00e1mci na\u0161ich ka\u017edodenn\u00edch \u017eivot\u016f \u2013 <em>sami se mus\u00edme st\u00e1t zm\u011bnou.<\/em>&nbsp;<\/p>\n\n\n\n<p>Svl\u00e9k\u00e1n\u00ed z k\u016f\u017ee je transformativn\u00ed proces. M\u016f\u017ee to b\u00fdt osvobozuj\u00edc\u00ed, ale tak\u00e9 nep\u0159\u00edjemn\u00e1, bolestiv\u00e1 a vy\u010derp\u00e1vaj\u00edc\u00ed zku\u0161enost, kter\u00e1 vy\u017eaduje trp\u011blivost, resilienci a respekt v\u016f\u010di na\u0161emu okoln\u00edmu prost\u0159ed\u00ed. Festival Uroboros chce b\u00fdt bezpe\u010dn\u00fdm prostorem pro dlouhodob\u00e9 kreativn\u00ed experimentov\u00e1n\u00ed s t\u00edm, co m\u016f\u017ee eko-spole\u010densk\u00e1 (sebe)transformace znamenat v r\u016fzn\u00fdch osobn\u00edch, lok\u00e1ln\u00edch a kulturn\u00edch kontextech. Sna\u017e\u00ed se tak pomoci nal\u00e9zt mo\u017en\u00e9 cesty k tomu, jak m\u016f\u017eeme v dob\u011b pokra\u010duj\u00edc\u00edch klimatick\u00fdch zm\u011bn a soci\u00e1ln\u00ed segregace spole\u010dn\u011b \u017e\u00edt, sp\u00ed\u0161e ne\u017e tl\u00edt.<\/p>\n\n\n\n<figure class=\"wp-block-image size-large\"><img loading=\"lazy\" width=\"960\" height=\"640\" src=\"https:\/\/2022.uroboros.design\/wp-content\/uploads\/2022\/09\/2022_uroboros_feralpolicypanel.jpg\" alt=\"\" class=\"wp-image-1577\" srcset=\"https:\/\/2022.uroboros.design\/wp-content\/uploads\/2022\/09\/2022_uroboros_feralpolicypanel.jpg 960w, https:\/\/2022.uroboros.design\/wp-content\/uploads\/2022\/09\/2022_uroboros_feralpolicypanel-600x400.jpg 600w, https:\/\/2022.uroboros.design\/wp-content\/uploads\/2022\/09\/2022_uroboros_feralpolicypanel-768x512.jpg 768w, https:\/\/2022.uroboros.design\/wp-content\/uploads\/2022\/09\/2022_uroboros_feralpolicypanel-300x200.jpg 300w\" sizes=\"(max-width: 960px) 100vw, 960px\" \/><\/figure>\n\n\n\n<p>Hlavn\u00ed program festivalu se uskute\u010dn\u00ed ve dnech 5. \u2013\u2060 8. \u0159\u00edjna 2022 v Praze a online. Program vyr\u016fst\u00e1 ze t\u0159\u00ed samostatn\u00fdch tematick\u00fdch sekc\u00ed \u2013\u2060 neboli tzv. <a rel=\"noreferrer noopener\" href=\"https:\/\/2022.uroboros.design\/loops\/\" target=\"_blank\">Uroboros Loops<\/a> \u2013\u2060 kter\u00e9 se odehr\u00e1vaj\u00ed v obdob\u00ed p\u0159ed za\u010d\u00e1tkem samotn\u00e9ho festivalu, v srpnu a\u017e z\u00e1\u0159\u00ed 2022. T\u0159i Uroboros Loops sekce: <em><a rel=\"noreferrer noopener\" href=\"https:\/\/2022.uroboros.design\/events\/the-feral-gift\/\" target=\"_blank\">The Feral Gift<\/a><\/em>, <em><a rel=\"noreferrer noopener\" href=\"https:\/\/2022.uroboros.design\/events\/algorithmic-resistance\/\" target=\"_blank\">Algorithmic Resistance<\/a><\/em> a <a rel=\"noreferrer noopener\" href=\"https:\/\/2022.uroboros.design\/events\/sensing-the-synthetic\/\" target=\"_blank\"><em>Sensing the Synthetic<\/em><\/a> \u00fa\u010dastn\u00edk\u016fm umo\u017e\u0148uj\u00ed r\u016fzn\u00e9 formy zapojen\u00ed a k hlavn\u00edmu festivalov\u00e9mu t\u00e9matu <em>Svl\u00e9k\u00e1n\u00ed z k\u016f\u017ee <\/em>p\u0159istupuj\u00ed z odli\u0161n\u00fdch epistemologick\u00fdch perspektiv. V\u00fdstupy Uroboros Loops budou reflektov\u00e1ny v hlavn\u00edm programu festivalu a sd\u00edleny jak s m\u00edstn\u00edm, tak se zahrani\u010dn\u00edm\/online festivalov\u00fdm publikem.<\/p>\n\n\n\n<p><\/p>\n","protected":false},"excerpt":{"rendered":"<p>Svl\u00e9k\u00e1n\u00ed z k\u016f\u017ee<\/p>\n","protected":false},"author":1,"featured_media":1557,"parent":0,"menu_order":0,"comment_status":"closed","ping_status":"closed","template":"","meta":[],"_links":{"self":[{"href":"https:\/\/2022.uroboros.design\/cs\/wp-json\/wp\/v2\/pages\/1533"}],"collection":[{"href":"https:\/\/2022.uroboros.design\/cs\/wp-json\/wp\/v2\/pages"}],"about":[{"href":"https:\/\/2022.uroboros.design\/cs\/wp-json\/wp\/v2\/types\/page"}],"author":[{"embeddable":true,"href":"https:\/\/2022.uroboros.design\/cs\/wp-json\/wp\/v2\/users\/1"}],"replies":[{"embeddable":true,"href":"https:\/\/2022.uroboros.design\/cs\/wp-json\/wp\/v2\/comments?post=1533"}],"version-history":[{"count":6,"href":"https:\/\/2022.uroboros.design\/cs\/wp-json\/wp\/v2\/pages\/1533\/revisions"}],"predecessor-version":[{"id":1624,"href":"https:\/\/2022.uroboros.design\/cs\/wp-json\/wp\/v2\/pages\/1533\/revisions\/1624"}],"wp:featuredmedia":[{"embeddable":true,"href":"https:\/\/2022.uroboros.design\/cs\/wp-json\/wp\/v2\/media\/1557"}],"wp:attachment":[{"href":"https:\/\/2022.uroboros.design\/cs\/wp-json\/wp\/v2\/media?parent=1533"}],"curies":[{"name":"wp","href":"https:\/\/api.w.org\/{rel}","templated":true}]}}